{"id":2,"date":"2021-09-17T06:40:33","date_gmt":"2021-09-17T04:40:33","guid":{"rendered":"http:\/\/intertollcomtr.intertoll.eu\/?page_id=2"},"modified":"2025-04-16T11:22:39","modified_gmt":"2025-04-16T09:22:39","slug":"main-page","status":"publish","type":"page","link":"https:\/\/intertoll.com.tr\/en\/","title":{"rendered":"Welcome to Intertoll Turkey \u0130\u015fletme ve Bak\u0131m A.\u015e."},"content":{"rendered":"<p>Intertoll Turkey \u0130\u015fletme ve Bak\u0131m A.\u015e. is an independent Infrastructure Developer, Operator &amp; Maintenance provider and Toll Operator, with its head office in <a href=\"https:\/\/www.intertoll.eu\/\" target=\"_blank\" rel=\"noopener\">Budapest, Hungary.<\/a><\/p>\n<p><img loading=\"lazy\" decoding=\"async\" class=\"alignnone wp-image-454 size-medium\" src=\"https:\/\/intertoll.com.tr\/wp-content\/uploads\/sites\/5\/2021\/10\/WhatsApp-Image-2021-09-14-at-16.39.36-1-300x119.jpeg\" alt=\"Intertoll Turkey\" width=\"300\" height=\"119\" srcset=\"https:\/\/intertoll.com.tr\/wp-content\/uploads\/sites\/5\/2021\/10\/WhatsApp-Image-2021-09-14-at-16.39.36-1-300x119.jpeg 300w, https:\/\/intertoll.com.tr\/wp-content\/uploads\/sites\/5\/2021\/10\/WhatsApp-Image-2021-09-14-at-16.39.36-1-1024x407.jpeg 1024w, https:\/\/intertoll.com.tr\/wp-content\/uploads\/sites\/5\/2021\/10\/WhatsApp-Image-2021-09-14-at-16.39.36-1-768x305.jpeg 768w, https:\/\/intertoll.com.tr\/wp-content\/uploads\/sites\/5\/2021\/10\/WhatsApp-Image-2021-09-14-at-16.39.36-1-1536x610.jpeg 1536w, https:\/\/intertoll.com.tr\/wp-content\/uploads\/sites\/5\/2021\/10\/WhatsApp-Image-2021-09-14-at-16.39.36-1.jpeg 2000w\" sizes=\"auto, (max-width: 300px) 100vw, 300px\" \/><\/p>\n<h1>Intertoll Turkey<\/h1>\n<h2><\/h2>\n<h3><\/h3>\n<p>&nbsp;<\/p>\n","protected":false},"excerpt":{"rendered":"<p>Intertoll Turkey \u0130\u015fletme ve Bak\u0131m A.\u015e. is an independent Infrastructure Developer, Operator &amp; Maintenance provider and Toll Operator, with its head office in Budapest, Hungary. Intertoll Turkey &nbsp;<\/p>\n","protected":false},"author":3,"featured_media":731,"parent":0,"menu_order":0,"comment_status":"closed","ping_status":"closed","template":"","meta":{"footnotes":""},"class_list":["post-2","page","type-page","status-publish","has-post-thumbnail","hentry"],"_links":{"self":[{"href":"https:\/\/intertoll.com.tr\/en\/wp-json\/wp\/v2\/pages\/2","targetHints":{"allow":["GET"]}}],"collection":[{"href":"https:\/\/intertoll.com.tr\/en\/wp-json\/wp\/v2\/pages"}],"about":[{"href":"https:\/\/intertoll.com.tr\/en\/wp-json\/wp\/v2\/types\/page"}],"author":[{"embeddable":true,"href":"https:\/\/intertoll.com.tr\/en\/wp-json\/wp\/v2\/users\/3"}],"replies":[{"embeddable":true,"href":"https:\/\/intertoll.com.tr\/en\/wp-json\/wp\/v2\/comments?post=2"}],"version-history":[{"count":13,"href":"https:\/\/intertoll.com.tr\/en\/wp-json\/wp\/v2\/pages\/2\/revisions"}],"predecessor-version":[{"id":707,"href":"https:\/\/intertoll.com.tr\/en\/wp-json\/wp\/v2\/pages\/2\/revisions\/707"}],"wp:featuredmedia":[{"embeddable":true,"href":"https:\/\/intertoll.com.tr\/en\/wp-json\/wp\/v2\/media\/731"}],"wp:attachment":[{"href":"https:\/\/intertoll.com.tr\/en\/wp-json\/wp\/v2\/media?parent=2"}],"curies":[{"name":"wp","href":"https:\/\/api.w.org\/{rel}","templated":true}]}}